{"id":12,"date":"2015-11-21T14:18:05","date_gmt":"2015-11-21T14:18:05","guid":{"rendered":"http:\/\/www.frabertek.com\/machinery\/?page_id=12"},"modified":"2022-03-12T14:07:04","modified_gmt":"2022-03-12T14:07:04","slug":"prodotti","status":"publish","type":"page","link":"https:\/\/www.frabertek.com\/machinery\/prodotti\/","title":{"rendered":"PRODOTTI"},"content":{"rendered":"<p>[et_pb_section fb_built=&#8221;1&#8243; fullwidth=&#8221;on&#8221; theme_builder_area=&#8221;post_content&#8221; _builder_version=&#8221;4.14.9&#8243; _module_preset=&#8221;default&#8221;][et_pb_fullwidth_image src=&#8221;https:\/\/www.frabertek.com\/machinery\/wp-content\/uploads\/2022\/03\/macchine-agricole.png&#8221; _builder_version=&#8221;4.14.9&#8243; _module_preset=&#8221;default&#8221; theme_builder_area=&#8221;post_content&#8221; title_text=&#8221;macchine agricole&#8221; alt=&#8221;macchine agricole&#8221; hover_enabled=&#8221;0&#8243; sticky_enabled=&#8221;0&#8243;][\/et_pb_fullwidth_image][\/et_pb_section][et_pb_section fb_built=&#8221;1&#8243; admin_label=&#8221;section&#8221; _builder_version=&#8221;3.22&#8243; global_colors_info=&#8221;{}&#8221;][et_pb_row admin_label=&#8221;row&#8221; _builder_version=&#8221;3.25&#8243; background_size=&#8221;initial&#8221; background_position=&#8221;top_left&#8221; background_repeat=&#8221;repeat&#8221; global_colors_info=&#8221;{}&#8221;][et_pb_column type=&#8221;4_4&#8243; _builder_version=&#8221;3.25&#8243; custom_padding=&#8221;|||&#8221; global_colors_info=&#8221;{}&#8221; custom_padding__hover=&#8221;|||&#8221;][et_pb_text admin_label=&#8221;Text&#8221; _builder_version=&#8221;3.27.4&#8243; background_size=&#8221;initial&#8221; background_position=&#8221;top_left&#8221; background_repeat=&#8221;repeat&#8221; global_colors_info=&#8221;{}&#8221;]<\/p>\n<p>La FraberTek \u00e8 principalmente concentrata nello sviluppare le idee, le necessit\u00e0 del cliente e rendere queste idee macchine funzionanti che risolvano le problematiche del cliente.<\/p>\n<p>Abbiamo per\u00f2 alcuni prodotti unici da proporvi che potrebbero gi\u00e0 soddisfare le vostre necessit\u00e0 o velocizzare i vostri processi produttivi:<\/p>\n<p><a href=\"http:\/\/www.frabertek.com\/machinery\/atomizzatori\/\">ATOMIZZATORI<\/a><\/p>\n<p><a href=\"http:\/\/www.frabertek.com\/machinery\/potatrice-cimatrice\/\">POTATRICI E CIMATRICI<\/a><\/p>\n<p><a href=\"http:\/\/www.frabertek.com\/machinery\/leva-piante\/\">VIVAI IDRO TRAK, sterra piante per vivai<\/a><\/p>\n<p><a href=\"http:\/\/www.frabertek.com\/machinery\/trattore-idrostatico-delta-trak-x\/\">IDRO delta TRAK<\/a><\/p>\n<p><a href=\"http:\/\/www.frabertek.com\/machinery\/forwarder-2\/\">IDRO forw TRAK<\/a><\/p>\n<p><a href=\"http:\/\/www.frabertek.com\/machinery\/contatti\/\">naturalmente per qualsiasi richiesta o per avere maggiori informazioni non esitate a contattarci<\/a><\/p>\n<p>[\/et_pb_text][\/et_pb_column][\/et_pb_row][\/et_pb_section]<\/p>\n","protected":false},"excerpt":{"rendered":"<p>La FraberTek \u00e8 principalmente concentrata nello sviluppare le idee, le necessit\u00e0 del cliente e rendere queste idee macchine funzionanti che risolvano le problematiche del cliente.Abbiamo per\u00f2 alcuni prodotti unici da proporvi che potrebbero gi\u00e0 soddisfare le vostre necessit\u00e0 o velocizzare i vostri processi produttivi:ATOMIZZATORIPOTATRICI E CIMATRICIVIVAI IDRO TRAK, sterra piante per vivaiIDRO delta TRAKIDRO forw [&hellip;]<\/p>\n","protected":false},"author":1,"featured_media":0,"parent":0,"menu_order":0,"comment_status":"closed","ping_status":"closed","template":"","meta":{"_et_pb_use_builder":"on","_et_pb_old_content":"<p>La FraberTek \u00e8 principalmente concentrata nello sviluppare le idee, le necessit\u00e0 del cliente e rendere queste idee macchine funzionanti che risolvano le problematiche del cliente.<\/p><p>Abbiamo per\u00f2 alcuni prodotti unici da proporvi che potrebbero gi\u00e0 soddisfare le vostre necessit\u00e0 o velocizzare i vostri processi produttivi:<\/p><p><a href=\"http:\/\/www.frabertek.com\/machinery\/atomizzatori\/\">ATOMIZZATORI<\/a><\/p><p><a href=\"http:\/\/www.frabertek.com\/machinery\/potatrice-cimatrice\/\">POTATRICI E CIMATRICI<\/a><\/p><p><a href=\"http:\/\/www.frabertek.com\/machinery\/leva-piante\/\">VIVAI IDRO TRAK, sterra piante per vivai<\/a><\/p><p><a href=\"http:\/\/www.frabertek.com\/machinery\/trattore-idrostatico-delta-trak-x\/\">IDRO delta TRAK<\/a><\/p><p><a href=\"http:\/\/www.frabertek.com\/machinery\/forwarder-2\/\">IDRO forw TRAK<\/a><\/p><p><a href=\"http:\/\/www.frabertek.com\/machinery\/contatti\/\">naturalmente per qualsiasi richiesta o per avere maggiori informazioni non esitate a contattarci<\/a><\/p>","_et_gb_content_width":"","footnotes":""},"yoast_head":"<!-- This site is optimized with the Yoast SEO plugin v21.3 - https:\/\/yoast.com\/wordpress\/plugins\/seo\/ -->\n<title>PRODOTTI - FraBerTek<\/title>\n<meta name=\"robots\" content=\"index, follow, max-snippet:-1, max-image-preview:large, max-video-preview:-1\" \/>\n<link rel=\"canonical\" href=\"https:\/\/www.frabertek.com\/machinery\/prodotti\/\" \/>\n<meta property=\"og:locale\" content=\"en_US\" \/>\n<meta property=\"og:type\" content=\"article\" \/>\n<meta property=\"og:title\" content=\"PRODOTTI - FraBerTek\" \/>\n<meta property=\"og:description\" content=\"La FraberTek \u00e8 principalmente concentrata nello sviluppare le idee, le necessit\u00e0 del cliente e rendere queste idee macchine funzionanti che risolvano le problematiche del cliente.Abbiamo per\u00f2 alcuni prodotti unici da proporvi che potrebbero gi\u00e0 soddisfare le vostre necessit\u00e0 o velocizzare i vostri processi produttivi:ATOMIZZATORIPOTATRICI E CIMATRICIVIVAI IDRO TRAK, sterra piante per vivaiIDRO delta TRAKIDRO forw [&hellip;]\" \/>\n<meta property=\"og:url\" content=\"https:\/\/www.frabertek.com\/machinery\/prodotti\/\" \/>\n<meta property=\"og:site_name\" content=\"FraBerTek\" \/>\n<meta property=\"article:modified_time\" content=\"2022-03-12T14:07:04+00:00\" \/>\n<meta name=\"twitter:card\" content=\"summary_large_image\" \/>\n<meta name=\"twitter:label1\" content=\"Est. reading time\" \/>\n\t<meta name=\"twitter:data1\" content=\"1 minute\" \/>\n<script type=\"application\/ld+json\" class=\"yoast-schema-graph\">{\"@context\":\"https:\/\/schema.org\",\"@graph\":[{\"@type\":\"WebPage\",\"@id\":\"https:\/\/www.frabertek.com\/machinery\/prodotti\/\",\"url\":\"https:\/\/www.frabertek.com\/machinery\/prodotti\/\",\"name\":\"PRODOTTI - FraBerTek\",\"isPartOf\":{\"@id\":\"https:\/\/www.frabertek.com\/machinery\/#website\"},\"datePublished\":\"2015-11-21T14:18:05+00:00\",\"dateModified\":\"2022-03-12T14:07:04+00:00\",\"breadcrumb\":{\"@id\":\"https:\/\/www.frabertek.com\/machinery\/prodotti\/#breadcrumb\"},\"inLanguage\":\"en-US\",\"potentialAction\":[{\"@type\":\"ReadAction\",\"target\":[\"https:\/\/www.frabertek.com\/machinery\/prodotti\/\"]}]},{\"@type\":\"BreadcrumbList\",\"@id\":\"https:\/\/www.frabertek.com\/machinery\/prodotti\/#breadcrumb\",\"itemListElement\":[{\"@type\":\"ListItem\",\"position\":1,\"name\":\"Home\",\"item\":\"https:\/\/www.frabertek.com\/machinery\/\"},{\"@type\":\"ListItem\",\"position\":2,\"name\":\"PRODOTTI\"}]},{\"@type\":\"WebSite\",\"@id\":\"https:\/\/www.frabertek.com\/machinery\/#website\",\"url\":\"https:\/\/www.frabertek.com\/machinery\/\",\"name\":\"FraBerTek\",\"description\":\"Ideazione e Creazione Macchine Agricole\",\"potentialAction\":[{\"@type\":\"SearchAction\",\"target\":{\"@type\":\"EntryPoint\",\"urlTemplate\":\"https:\/\/www.frabertek.com\/machinery\/?s={search_term_string}\"},\"query-input\":\"required name=search_term_string\"}],\"inLanguage\":\"en-US\"}]}<\/script>\n<!-- \/ Yoast SEO plugin. -->","yoast_head_json":{"title":"PRODOTTI - FraBerTek","robots":{"index":"index","follow":"follow","max-snippet":"max-snippet:-1","max-image-preview":"max-image-preview:large","max-video-preview":"max-video-preview:-1"},"canonical":"https:\/\/www.frabertek.com\/machinery\/prodotti\/","og_locale":"en_US","og_type":"article","og_title":"PRODOTTI - FraBerTek","og_description":"La FraberTek \u00e8 principalmente concentrata nello sviluppare le idee, le necessit\u00e0 del cliente e rendere queste idee macchine funzionanti che risolvano le problematiche del cliente.Abbiamo per\u00f2 alcuni prodotti unici da proporvi che potrebbero gi\u00e0 soddisfare le vostre necessit\u00e0 o velocizzare i vostri processi produttivi:ATOMIZZATORIPOTATRICI E CIMATRICIVIVAI IDRO TRAK, sterra piante per vivaiIDRO delta TRAKIDRO forw [&hellip;]","og_url":"https:\/\/www.frabertek.com\/machinery\/prodotti\/","og_site_name":"FraBerTek","article_modified_time":"2022-03-12T14:07:04+00:00","twitter_card":"summary_large_image","twitter_misc":{"Est. reading time":"1 minute"},"schema":{"@context":"https:\/\/schema.org","@graph":[{"@type":"WebPage","@id":"https:\/\/www.frabertek.com\/machinery\/prodotti\/","url":"https:\/\/www.frabertek.com\/machinery\/prodotti\/","name":"PRODOTTI - FraBerTek","isPartOf":{"@id":"https:\/\/www.frabertek.com\/machinery\/#website"},"datePublished":"2015-11-21T14:18:05+00:00","dateModified":"2022-03-12T14:07:04+00:00","breadcrumb":{"@id":"https:\/\/www.frabertek.com\/machinery\/prodotti\/#breadcrumb"},"inLanguage":"en-US","potentialAction":[{"@type":"ReadAction","target":["https:\/\/www.frabertek.com\/machinery\/prodotti\/"]}]},{"@type":"BreadcrumbList","@id":"https:\/\/www.frabertek.com\/machinery\/prodotti\/#breadcrumb","itemListElement":[{"@type":"ListItem","position":1,"name":"Home","item":"https:\/\/www.frabertek.com\/machinery\/"},{"@type":"ListItem","position":2,"name":"PRODOTTI"}]},{"@type":"WebSite","@id":"https:\/\/www.frabertek.com\/machinery\/#website","url":"https:\/\/www.frabertek.com\/machinery\/","name":"FraBerTek","description":"Ideazione e Creazione Macchine Agricole","potentialAction":[{"@type":"SearchAction","target":{"@type":"EntryPoint","urlTemplate":"https:\/\/www.frabertek.com\/machinery\/?s={search_term_string}"},"query-input":"required name=search_term_string"}],"inLanguage":"en-US"}]}},"_links":{"self":[{"href":"https:\/\/www.frabertek.com\/machinery\/wp-json\/wp\/v2\/pages\/12"}],"collection":[{"href":"https:\/\/www.frabertek.com\/machinery\/wp-json\/wp\/v2\/pages"}],"about":[{"href":"https:\/\/www.frabertek.com\/machinery\/wp-json\/wp\/v2\/types\/page"}],"author":[{"embeddable":true,"href":"https:\/\/www.frabertek.com\/machinery\/wp-json\/wp\/v2\/users\/1"}],"replies":[{"embeddable":true,"href":"https:\/\/www.frabertek.com\/machinery\/wp-json\/wp\/v2\/comments?post=12"}],"version-history":[{"count":7,"href":"https:\/\/www.frabertek.com\/machinery\/wp-json\/wp\/v2\/pages\/12\/revisions"}],"predecessor-version":[{"id":275,"href":"https:\/\/www.frabertek.com\/machinery\/wp-json\/wp\/v2\/pages\/12\/revisions\/275"}],"wp:attachment":[{"href":"https:\/\/www.frabertek.com\/machinery\/wp-json\/wp\/v2\/media?parent=12"}],"curies":[{"name":"wp","href":"https:\/\/api.w.org\/{rel}","templated":true}]}}